{"id":65,"date":"2019-05-10T09:03:44","date_gmt":"2019-05-10T07:03:44","guid":{"rendered":"https:\/\/www.xn--prinzensule-s8a.de\/?page_id=65"},"modified":"2019-12-04T17:36:02","modified_gmt":"2019-12-04T15:36:02","slug":"startseite","status":"publish","type":"page","link":"https:\/\/www.xn--prinzensule-s8a.de\/","title":{"rendered":"Prinzens\u00e4ule"},"content":{"rendered":"<p>&#8222;Eine 4,20 Meter hohe, rostfarbene Metalls\u00e4ule, in ihrem unteren Teil versehen mit Namensgravuren der rund 80 Tollit\u00e4tenpaare, die von 1896 bis 2019 als n\u00e4rrische Regenten in die Karnevalshistorie der B\u00e4ckerjungenstadt einzogen. Sie bietet noch Platz f\u00fcr etwa 40 weitere Prinzenpaare. Die Prinzen-S\u00e4ule tr\u00e4gt die Aufschrift \u201eAndernacher Fastnachts-Kladderadatsch\u201c. Ihren oberen Teil bildet ein Stahlrohr, das von vier mehrfarbigen Narrenkappen und gro\u00dfen roten Schl\u00fcsseln der Stadt geziert wird. Darauf als Spitze ein goldenes Prinzenzepter. Am Fu\u00df des Brauchtums-Denkmals, das in der Dunkelheit durch Strahler beleuchtet werden kann, erf\u00e4hrt man die Namen der ausf\u00fchrenden Personen und Firmen. Auch die Spenderinnen und Spender werden genannt.&#8220;<br \/>\n(Quelle: Blick Aktuell)<\/p>\n<p><a href=\"https:\/\/www.blick-aktuell.de\/Berichte\/Eine-Topp-IdeePrinzenpaare-unvergessen-machen-421343.html\">Hier den ganzen Bericht lesen.<\/a><\/p>\n","protected":false},"excerpt":{"rendered":"<p>&#8222;Eine 4,20 Meter hohe, rostfarbene Metalls\u00e4ule, in ihrem unteren Teil versehen mit Namensgravuren der rund 80 Tollit\u00e4tenpaare, die von 1896 bis 2019 als n\u00e4rrische Regenten in die Karnevalshistorie der B\u00e4ckerjungenstadt einzogen. Sie bietet noch Platz f\u00fcr etwa 40 weitere Prinzenpaare. Die Prinzen-S\u00e4ule tr\u00e4gt die Aufschrift \u201eAndernacher Fastnachts-Kladderadatsch\u201c. Ihren oberen Teil bildet ein Stahlrohr, das von &hellip; <\/p>\n<p class=\"link-more\"><a href=\"https:\/\/www.xn--prinzensule-s8a.de\/\" class=\"more-link\"><span class=\"screen-reader-text\">\u201ePrinzens\u00e4ule\u201c <\/span>weiterlesen<\/a><\/p>\n","protected":false},"author":1,"featured_media":145,"parent":0,"menu_order":0,"comment_status":"closed","ping_status":"closed","template":"","meta":{"ngg_post_thumbnail":0,"footnotes":""},"class_list":["post-65","page","type-page","status-publish","has-post-thumbnail","hentry"],"jetpack_sharing_enabled":true,"_links":{"self":[{"href":"https:\/\/www.xn--prinzensule-s8a.de\/index.php\/wp-json\/wp\/v2\/pages\/65","targetHints":{"allow":["GET"]}}],"collection":[{"href":"https:\/\/www.xn--prinzensule-s8a.de\/index.php\/wp-json\/wp\/v2\/pages"}],"about":[{"href":"https:\/\/www.xn--prinzensule-s8a.de\/index.php\/wp-json\/wp\/v2\/types\/page"}],"author":[{"embeddable":true,"href":"https:\/\/www.xn--prinzensule-s8a.de\/index.php\/wp-json\/wp\/v2\/users\/1"}],"replies":[{"embeddable":true,"href":"https:\/\/www.xn--prinzensule-s8a.de\/index.php\/wp-json\/wp\/v2\/comments?post=65"}],"version-history":[{"count":6,"href":"https:\/\/www.xn--prinzensule-s8a.de\/index.php\/wp-json\/wp\/v2\/pages\/65\/revisions"}],"predecessor-version":[{"id":300,"href":"https:\/\/www.xn--prinzensule-s8a.de\/index.php\/wp-json\/wp\/v2\/pages\/65\/revisions\/300"}],"wp:featuredmedia":[{"embeddable":true,"href":"https:\/\/www.xn--prinzensule-s8a.de\/index.php\/wp-json\/wp\/v2\/media\/145"}],"wp:attachment":[{"href":"https:\/\/www.xn--prinzensule-s8a.de\/index.php\/wp-json\/wp\/v2\/media?parent=65"}],"curies":[{"name":"wp","href":"https:\/\/api.w.org\/{rel}","templated":true}]}}